{"id":2,"date":"2023-04-26T12:57:00","date_gmt":"2023-04-26T12:57:00","guid":{"rendered":"https:\/\/meglasses.de\/?page_id=2"},"modified":"2023-05-17T11:40:24","modified_gmt":"2023-05-17T11:40:24","slug":"sample-page","status":"publish","type":"page","link":"https:\/\/meglasses.de\/","title":{"rendered":"About us"},"content":{"rendered":"\n<p>Willkommen bei MeGlasses Sports!<\/p>\n\n\n\n<p>Wir sind ein junges Start-Up aus M\u00fcnchen, das es sich zur Aufgabe gemacht hat, noch mehr Spa\u00df in den Sport zu bringen, indem die Motivation f\u00fcr Sport spielerisch gesteigert wird.<\/p>\n\n\n\n<p>Wie tun wir das?<\/p>\n\n\n\n<p class=\"has-text-align-left\">Mit Hilfe eines Augmented Reality Games f\u00fcr Smart Glasses, das es dir erm\u00f6glicht, eine immersive Spieleerfahrung in deinen Trainingsalltag zu bringen. <\/p>\n\n\n\n<p>Wieso tun wir das?<\/p>\n\n\n\n<p>Kennst du das? Manchmal hat man einfach keine Lust auf Sport. Es regnet drau\u00dfen oder man hat gerade eine neue Serie angefangen oder man ist nach der Arbeit einfach zu m\u00fcde. Auf jeden Fall ist es manchmal wirklich nicht einfach, sich aufzuraffen und Sport zu machen. Wir wollen das \u00e4ndern! Denn wir kennen das Problem nur zu gut. Deswegen ist MeGlasses Sports entstanden, denn ab und zu braucht jeder einen Motivationskick, um sich die Sportschuhe anzuziehen. Also bleibt gespannt, was in den n\u00e4chsten Tagen hier bei uns passiert und schaut bald wieder vorbei. Wir freuen uns auf euch!<\/p>\n\n\n\n<p><\/p>\n","protected":false},"excerpt":{"rendered":"<p>Willkommen bei MeGlasses Sports! Wir sind ein junges Start-Up aus M\u00fcnchen, das es sich zur Aufgabe gemacht hat, noch mehr Spa\u00df in den Sport zu bringen, indem die Motivation f\u00fcr Sport spielerisch gesteigert wird. Wie tun wir das? Mit Hilfe eines Augmented Reality Games f\u00fcr Smart Glasses, das es dir erm\u00f6glicht, eine immersive Spieleerfahrung in [&hellip;]<\/p>\n","protected":false},"author":1,"featured_media":15,"parent":0,"menu_order":0,"comment_status":"closed","ping_status":"open","template":"","meta":{"footnotes":""},"_links":{"self":[{"href":"https:\/\/meglasses.de\/index.php?rest_route=\/wp\/v2\/pages\/2"}],"collection":[{"href":"https:\/\/meglasses.de\/index.php?rest_route=\/wp\/v2\/pages"}],"about":[{"href":"https:\/\/meglasses.de\/index.php?rest_route=\/wp\/v2\/types\/page"}],"author":[{"embeddable":true,"href":"https:\/\/meglasses.de\/index.php?rest_route=\/wp\/v2\/users\/1"}],"replies":[{"embeddable":true,"href":"https:\/\/meglasses.de\/index.php?rest_route=%2Fwp%2Fv2%2Fcomments&post=2"}],"version-history":[{"count":3,"href":"https:\/\/meglasses.de\/index.php?rest_route=\/wp\/v2\/pages\/2\/revisions"}],"predecessor-version":[{"id":25,"href":"https:\/\/meglasses.de\/index.php?rest_route=\/wp\/v2\/pages\/2\/revisions\/25"}],"wp:featuredmedia":[{"embeddable":true,"href":"https:\/\/meglasses.de\/index.php?rest_route=\/wp\/v2\/media\/15"}],"wp:attachment":[{"href":"https:\/\/meglasses.de\/index.php?rest_route=%2Fwp%2Fv2%2Fmedia&parent=2"}],"curies":[{"name":"wp","href":"https:\/\/api.w.org\/{rel}","templated":true}]}}